{"id":62,"date":"2017-11-13T16:25:53","date_gmt":"2017-11-13T16:25:53","guid":{"rendered":"http:\/\/demo.swimfaster.es\/?page_id=62"},"modified":"2025-12-25T17:29:10","modified_gmt":"2025-12-25T17:29:10","slug":"qui-som","status":"publish","type":"page","link":"https:\/\/swimfaster.eu\/?page_id=62","title":{"rendered":"Qui som"},"content":{"rendered":"<p>Qui som: El Club Nataci\u00f3 Swimfaster Salt \u00e9s va fundar al 2008, amb l\u2019objectiu principal d\u2019oferir un servei en el medi aqu\u00e0tic basat en una visi\u00f3 de la Nataci\u00f3 centrada en millorar les Sensacions en el medi aqu\u00e0tic. La Nataci\u00f3 vista des d\u2019una dimensi\u00f3 on la T\u00e8cnica, l\u2019ec <a href=\"https:\/\/swimfaster.eu\/?page_id=62\" title=\"Read more on Qui som\" class=\"more-link\">read more<\/a><\/p>\n","protected":false},"excerpt":{"rendered":"<p>Qui som: El Club Nataci\u00f3 Swimfaster Salt \u00e9s va fundar al 2008, amb l\u2019objectiu principal d\u2019oferir un servei en el medi aqu\u00e0tic basat en una visi\u00f3 de la Nataci\u00f3 centrada en millorar les Sensacions en el medi aqu\u00e0tic. La Nataci\u00f3 vista des d\u2019una dimensi\u00f3 on la T\u00e8cnica, l\u2019ec read more<\/p>\n","protected":false},"author":1,"featured_media":0,"parent":0,"menu_order":0,"comment_status":"closed","ping_status":"closed","template":"","meta":{"footnotes":""},"class_list":["post-62","page","type-page","status-publish","hentry","no-thumb"],"_links":{"self":[{"href":"https:\/\/swimfaster.eu\/index.php?rest_route=\/wp\/v2\/pages\/62","targetHints":{"allow":["GET"]}}],"collection":[{"href":"https:\/\/swimfaster.eu\/index.php?rest_route=\/wp\/v2\/pages"}],"about":[{"href":"https:\/\/swimfaster.eu\/index.php?rest_route=\/wp\/v2\/types\/page"}],"author":[{"embeddable":true,"href":"https:\/\/swimfaster.eu\/index.php?rest_route=\/wp\/v2\/users\/1"}],"replies":[{"embeddable":true,"href":"https:\/\/swimfaster.eu\/index.php?rest_route=%2Fwp%2Fv2%2Fcomments&post=62"}],"version-history":[{"count":16,"href":"https:\/\/swimfaster.eu\/index.php?rest_route=\/wp\/v2\/pages\/62\/revisions"}],"predecessor-version":[{"id":1560,"href":"https:\/\/swimfaster.eu\/index.php?rest_route=\/wp\/v2\/pages\/62\/revisions\/1560"}],"wp:attachment":[{"href":"https:\/\/swimfaster.eu\/index.php?rest_route=%2Fwp%2Fv2%2Fmedia&parent=62"}],"curies":[{"name":"wp","href":"https:\/\/api.w.org\/{rel}","templated":true}]}}