{"id":60,"date":"2017-11-13T16:25:42","date_gmt":"2017-11-13T16:25:42","guid":{"rendered":"http:\/\/demo.swimfaster.es\/?page_id=60"},"modified":"2022-08-13T07:11:37","modified_gmt":"2022-08-13T07:11:37","slug":"que-oferim","status":"publish","type":"page","link":"https:\/\/swimfaster.eu\/?page_id=60","title":{"rendered":"Qu\u00e8 oferim"},"content":{"rendered":"<p>Qu\u00e8 oferim: Entrenaments de Nataci\u00f3 amb grups redu\u00efts per a nedar millor, m\u00e9s r\u00e0pid i m\u00e9s f\u00e0cilment. Amb una atenci\u00f3 individualitzada buscant millorar els objectius personals. Un sistema individual on els nostres esportistes milloren el seu nivel esportiu i t\u00e8cnic de ma <a href=\"https:\/\/swimfaster.eu\/?page_id=60\" title=\"Read more on Qu\u00e8 oferim\" class=\"more-link\">read more<\/a><\/p>\n","protected":false},"excerpt":{"rendered":"<p>Qu\u00e8 oferim: Entrenaments de Nataci\u00f3 amb grups redu\u00efts per a nedar millor, m\u00e9s r\u00e0pid i m\u00e9s f\u00e0cilment. Amb una atenci\u00f3 individualitzada buscant millorar els objectius personals. Un sistema individual on els nostres esportistes milloren el seu nivel esportiu i t\u00e8cnic de ma read more<\/p>\n","protected":false},"author":1,"featured_media":0,"parent":0,"menu_order":0,"comment_status":"closed","ping_status":"closed","template":"","meta":{"footnotes":""},"class_list":["post-60","page","type-page","status-publish","hentry","no-thumb"],"_links":{"self":[{"href":"https:\/\/swimfaster.eu\/index.php?rest_route=\/wp\/v2\/pages\/60","targetHints":{"allow":["GET"]}}],"collection":[{"href":"https:\/\/swimfaster.eu\/index.php?rest_route=\/wp\/v2\/pages"}],"about":[{"href":"https:\/\/swimfaster.eu\/index.php?rest_route=\/wp\/v2\/types\/page"}],"author":[{"embeddable":true,"href":"https:\/\/swimfaster.eu\/index.php?rest_route=\/wp\/v2\/users\/1"}],"replies":[{"embeddable":true,"href":"https:\/\/swimfaster.eu\/index.php?rest_route=%2Fwp%2Fv2%2Fcomments&post=60"}],"version-history":[{"count":14,"href":"https:\/\/swimfaster.eu\/index.php?rest_route=\/wp\/v2\/pages\/60\/revisions"}],"predecessor-version":[{"id":1116,"href":"https:\/\/swimfaster.eu\/index.php?rest_route=\/wp\/v2\/pages\/60\/revisions\/1116"}],"wp:attachment":[{"href":"https:\/\/swimfaster.eu\/index.php?rest_route=%2Fwp%2Fv2%2Fmedia&parent=60"}],"curies":[{"name":"wp","href":"https:\/\/api.w.org\/{rel}","templated":true}]}}