{"id":56,"date":"2017-11-13T16:25:13","date_gmt":"2017-11-13T16:25:13","guid":{"rendered":"http:\/\/demo.swimfaster.es\/?page_id=56"},"modified":"2022-12-25T16:24:14","modified_gmt":"2022-12-25T16:24:14","slug":"serveis","status":"publish","type":"page","link":"https:\/\/swimfaster.eu\/?page_id=56","title":{"rendered":"Serveis"},"content":{"rendered":"<p>Serveis que us oferim: Nataci\u00f3 de competici\u00f3 per a nens, joves i\u00a0 m\u00e0sters. Nataci\u00f3 per a nedadors d\u2019aig\u00fces obertes a tots els nivells. Nataci\u00f3 per a empreses. Sessions de perfeccionament de t\u00e9cnica de crol i els altres estils. Programa d\u2019entrenaments personalitzats. Ent <a href=\"https:\/\/swimfaster.eu\/?page_id=56\" title=\"Read more on Serveis\" class=\"more-link\">read more<\/a><\/p>\n","protected":false},"excerpt":{"rendered":"<p>Serveis que us oferim: Nataci\u00f3 de competici\u00f3 per a nens, joves i\u00a0 m\u00e0sters. Nataci\u00f3 per a nedadors d\u2019aig\u00fces obertes a tots els nivells. Nataci\u00f3 per a empreses. Sessions de perfeccionament de t\u00e9cnica de crol i els altres estils. Programa d\u2019entrenaments personalitzats. Ent read more<\/p>\n","protected":false},"author":1,"featured_media":0,"parent":0,"menu_order":0,"comment_status":"closed","ping_status":"closed","template":"","meta":{"footnotes":""},"class_list":["post-56","page","type-page","status-publish","hentry","no-thumb"],"_links":{"self":[{"href":"https:\/\/swimfaster.eu\/index.php?rest_route=\/wp\/v2\/pages\/56","targetHints":{"allow":["GET"]}}],"collection":[{"href":"https:\/\/swimfaster.eu\/index.php?rest_route=\/wp\/v2\/pages"}],"about":[{"href":"https:\/\/swimfaster.eu\/index.php?rest_route=\/wp\/v2\/types\/page"}],"author":[{"embeddable":true,"href":"https:\/\/swimfaster.eu\/index.php?rest_route=\/wp\/v2\/users\/1"}],"replies":[{"embeddable":true,"href":"https:\/\/swimfaster.eu\/index.php?rest_route=%2Fwp%2Fv2%2Fcomments&post=56"}],"version-history":[{"count":12,"href":"https:\/\/swimfaster.eu\/index.php?rest_route=\/wp\/v2\/pages\/56\/revisions"}],"predecessor-version":[{"id":1129,"href":"https:\/\/swimfaster.eu\/index.php?rest_route=\/wp\/v2\/pages\/56\/revisions\/1129"}],"wp:attachment":[{"href":"https:\/\/swimfaster.eu\/index.php?rest_route=%2Fwp%2Fv2%2Fmedia&parent=56"}],"curies":[{"name":"wp","href":"https:\/\/api.w.org\/{rel}","templated":true}]}}