{"id":486,"date":"2018-03-17T09:40:37","date_gmt":"2018-03-17T09:40:37","guid":{"rendered":"http:\/\/demo.swimfaster.es\/?page_id=486"},"modified":"2018-03-17T09:42:45","modified_gmt":"2018-03-17T09:42:45","slug":"politica-de-privadesa","status":"publish","type":"page","link":"https:\/\/swimfaster.eu\/?page_id=486","title":{"rendered":"Pol\u00edtica de privadesa"},"content":{"rendered":"<p>Pol\u00edtica de privadesa: 1. Av\u00eds i informaci\u00f3 legal Aquest Av\u00eds Legal regula l&#8217;\u00fas del servei de la p\u00e0gina web propietat del Club Nataci\u00f3 Swimfaster Salt endavant la web, amb domicili social c passeig Pa\u00efsos Catalans s \/ n Codi Postal: 17190 Localitat: Salt Prov\u00edncia <a href=\"https:\/\/swimfaster.eu\/?page_id=486\" title=\"Read more on Pol\u00edtica de privadesa\" class=\"more-link\">read more<\/a><\/p>\n","protected":false},"excerpt":{"rendered":"<p>Pol\u00edtica de privadesa: 1. Av\u00eds i informaci\u00f3 legal Aquest Av\u00eds Legal regula l&#8217;\u00fas del servei de la p\u00e0gina web propietat del Club Nataci\u00f3 Swimfaster Salt endavant la web, amb domicili social c passeig Pa\u00efsos Catalans s \/ n Codi Postal: 17190 Localitat: Salt Prov\u00edncia read more<\/p>\n","protected":false},"author":1,"featured_media":0,"parent":0,"menu_order":0,"comment_status":"closed","ping_status":"closed","template":"","meta":{"footnotes":""},"class_list":["post-486","page","type-page","status-publish","hentry","no-thumb"],"_links":{"self":[{"href":"https:\/\/swimfaster.eu\/index.php?rest_route=\/wp\/v2\/pages\/486","targetHints":{"allow":["GET"]}}],"collection":[{"href":"https:\/\/swimfaster.eu\/index.php?rest_route=\/wp\/v2\/pages"}],"about":[{"href":"https:\/\/swimfaster.eu\/index.php?rest_route=\/wp\/v2\/types\/page"}],"author":[{"embeddable":true,"href":"https:\/\/swimfaster.eu\/index.php?rest_route=\/wp\/v2\/users\/1"}],"replies":[{"embeddable":true,"href":"https:\/\/swimfaster.eu\/index.php?rest_route=%2Fwp%2Fv2%2Fcomments&post=486"}],"version-history":[{"count":2,"href":"https:\/\/swimfaster.eu\/index.php?rest_route=\/wp\/v2\/pages\/486\/revisions"}],"predecessor-version":[{"id":489,"href":"https:\/\/swimfaster.eu\/index.php?rest_route=\/wp\/v2\/pages\/486\/revisions\/489"}],"wp:attachment":[{"href":"https:\/\/swimfaster.eu\/index.php?rest_route=%2Fwp%2Fv2%2Fmedia&parent=486"}],"curies":[{"name":"wp","href":"https:\/\/api.w.org\/{rel}","templated":true}]}}