{"id":48,"date":"2017-11-13T16:23:50","date_gmt":"2017-11-13T16:23:50","guid":{"rendered":"http:\/\/demo.swimfaster.es\/?page_id=48"},"modified":"2019-05-09T20:44:55","modified_gmt":"2019-05-09T20:44:55","slug":"enllacos","status":"publish","type":"page","link":"https:\/\/swimfaster.eu\/?page_id=48","title":{"rendered":"Enlla\u00e7os"},"content":{"rendered":"<p>Enlla\u00e7os d&#8217;inter\u00e8s: P\u00e0gina web oficial de la Reial Federaci\u00f3 Espanyola de Nataci\u00f3: www.rfen.es P\u00e0gina web oficial de la Federaci\u00f3 Catalana de Nataci\u00f3: www.aquatics.cat P\u00e0gina web oficial de la Federaci\u00f3 de Nataci\u00f3 de la Comunitat Valenciana: www.fncv.es P\u00e0gina web <a href=\"https:\/\/swimfaster.eu\/?page_id=48\" title=\"Read more on Enlla\u00e7os\" class=\"more-link\">read more<\/a><\/p>\n","protected":false},"excerpt":{"rendered":"<p>Enlla\u00e7os d&#8217;inter\u00e8s: P\u00e0gina web oficial de la Reial Federaci\u00f3 Espanyola de Nataci\u00f3: www.rfen.es P\u00e0gina web oficial de la Federaci\u00f3 Catalana de Nataci\u00f3: www.aquatics.cat P\u00e0gina web oficial de la Federaci\u00f3 de Nataci\u00f3 de la Comunitat Valenciana: www.fncv.es P\u00e0gina web read more<\/p>\n","protected":false},"author":1,"featured_media":0,"parent":0,"menu_order":0,"comment_status":"closed","ping_status":"closed","template":"","meta":{"footnotes":""},"class_list":["post-48","page","type-page","status-publish","hentry","no-thumb"],"_links":{"self":[{"href":"https:\/\/swimfaster.eu\/index.php?rest_route=\/wp\/v2\/pages\/48","targetHints":{"allow":["GET"]}}],"collection":[{"href":"https:\/\/swimfaster.eu\/index.php?rest_route=\/wp\/v2\/pages"}],"about":[{"href":"https:\/\/swimfaster.eu\/index.php?rest_route=\/wp\/v2\/types\/page"}],"author":[{"embeddable":true,"href":"https:\/\/swimfaster.eu\/index.php?rest_route=\/wp\/v2\/users\/1"}],"replies":[{"embeddable":true,"href":"https:\/\/swimfaster.eu\/index.php?rest_route=%2Fwp%2Fv2%2Fcomments&post=48"}],"version-history":[{"count":6,"href":"https:\/\/swimfaster.eu\/index.php?rest_route=\/wp\/v2\/pages\/48\/revisions"}],"predecessor-version":[{"id":775,"href":"https:\/\/swimfaster.eu\/index.php?rest_route=\/wp\/v2\/pages\/48\/revisions\/775"}],"wp:attachment":[{"href":"https:\/\/swimfaster.eu\/index.php?rest_route=%2Fwp%2Fv2%2Fmedia&parent=48"}],"curies":[{"name":"wp","href":"https:\/\/api.w.org\/{rel}","templated":true}]}}