{"id":354,"date":"2018-01-20T10:41:39","date_gmt":"2018-01-20T10:41:39","guid":{"rendered":"http:\/\/demo.swimfaster.es\/?page_id=354"},"modified":"2019-11-03T20:49:43","modified_gmt":"2019-11-03T20:49:43","slug":"natacio","status":"publish","type":"page","link":"https:\/\/swimfaster.eu\/?page_id=354","title":{"rendered":"Secci\u00f3"},"content":{"rendered":"<p>Presentaci\u00f3: Secci\u00f3 del club que neix al Setembre del 2012. Afiliats a la Federaci\u00f3 Catalana de Nataci\u00f3. Nataci\u00f3 per nens i cateogories (a partir dels 8 anys): pre-benjamins, benjamins, alevins, infantils, juniors I absoluts. Nataci\u00f3 M\u00e0ster (a partir dels 20 anys) Natac <a href=\"https:\/\/swimfaster.eu\/?page_id=354\" title=\"Read more on Secci\u00f3\" class=\"more-link\">read more<\/a><\/p>\n","protected":false},"excerpt":{"rendered":"<p>Presentaci\u00f3: Secci\u00f3 del club que neix al Setembre del 2012. Afiliats a la Federaci\u00f3 Catalana de Nataci\u00f3. Nataci\u00f3 per nens i cateogories (a partir dels 8 anys): pre-benjamins, benjamins, alevins, infantils, juniors I absoluts. Nataci\u00f3 M\u00e0ster (a partir dels 20 anys) Natac read more<\/p>\n","protected":false},"author":1,"featured_media":0,"parent":0,"menu_order":0,"comment_status":"closed","ping_status":"closed","template":"","meta":{"footnotes":""},"class_list":["post-354","page","type-page","status-publish","hentry","no-thumb"],"_links":{"self":[{"href":"https:\/\/swimfaster.eu\/index.php?rest_route=\/wp\/v2\/pages\/354","targetHints":{"allow":["GET"]}}],"collection":[{"href":"https:\/\/swimfaster.eu\/index.php?rest_route=\/wp\/v2\/pages"}],"about":[{"href":"https:\/\/swimfaster.eu\/index.php?rest_route=\/wp\/v2\/types\/page"}],"author":[{"embeddable":true,"href":"https:\/\/swimfaster.eu\/index.php?rest_route=\/wp\/v2\/users\/1"}],"replies":[{"embeddable":true,"href":"https:\/\/swimfaster.eu\/index.php?rest_route=%2Fwp%2Fv2%2Fcomments&post=354"}],"version-history":[{"count":5,"href":"https:\/\/swimfaster.eu\/index.php?rest_route=\/wp\/v2\/pages\/354\/revisions"}],"predecessor-version":[{"id":601,"href":"https:\/\/swimfaster.eu\/index.php?rest_route=\/wp\/v2\/pages\/354\/revisions\/601"}],"wp:attachment":[{"href":"https:\/\/swimfaster.eu\/index.php?rest_route=%2Fwp%2Fv2%2Fmedia&parent=354"}],"curies":[{"name":"wp","href":"https:\/\/api.w.org\/{rel}","templated":true}]}}