{"id":264,"date":"2018-01-19T15:55:15","date_gmt":"2018-01-19T15:55:15","guid":{"rendered":"http:\/\/demo.swimfaster.es\/?page_id=264"},"modified":"2025-12-25T16:45:02","modified_gmt":"2025-12-25T16:45:02","slug":"home","status":"publish","type":"page","link":"https:\/\/swimfaster.eu\/","title":{"rendered":"Home"},"content":{"rendered":"<p>SWIMFASTER Vols competir en nataci\u00f3? &#8230;Vine a perfeccionar el teu estil i a entrenar amb nosaltres!!! Swimfaster ofereix entrenaments de Nataci\u00f3 en grup per a nedar millor, m\u00e9s r\u00e0pid i m\u00e9s f\u00e0cilment. Amb una atenci\u00f3 individualitzada buscant millorar els objectius p <a href=\"https:\/\/swimfaster.eu\/\" title=\"Read more on Home\" class=\"more-link\">read more<\/a><\/p>\n","protected":false},"excerpt":{"rendered":"<p>SWIMFASTER Vols competir en nataci\u00f3? &#8230;Vine a perfeccionar el teu estil i a entrenar amb nosaltres!!! Swimfaster ofereix entrenaments de Nataci\u00f3 en grup per a nedar millor, m\u00e9s r\u00e0pid i m\u00e9s f\u00e0cilment. Amb una atenci\u00f3 individualitzada buscant millorar els objectius p read more<\/p>\n","protected":false},"author":1,"featured_media":0,"parent":0,"menu_order":0,"comment_status":"closed","ping_status":"closed","template":"","meta":{"footnotes":""},"class_list":["post-264","page","type-page","status-publish","hentry","no-thumb"],"_links":{"self":[{"href":"https:\/\/swimfaster.eu\/index.php?rest_route=\/wp\/v2\/pages\/264","targetHints":{"allow":["GET"]}}],"collection":[{"href":"https:\/\/swimfaster.eu\/index.php?rest_route=\/wp\/v2\/pages"}],"about":[{"href":"https:\/\/swimfaster.eu\/index.php?rest_route=\/wp\/v2\/types\/page"}],"author":[{"embeddable":true,"href":"https:\/\/swimfaster.eu\/index.php?rest_route=\/wp\/v2\/users\/1"}],"replies":[{"embeddable":true,"href":"https:\/\/swimfaster.eu\/index.php?rest_route=%2Fwp%2Fv2%2Fcomments&post=264"}],"version-history":[{"count":96,"href":"https:\/\/swimfaster.eu\/index.php?rest_route=\/wp\/v2\/pages\/264\/revisions"}],"predecessor-version":[{"id":1533,"href":"https:\/\/swimfaster.eu\/index.php?rest_route=\/wp\/v2\/pages\/264\/revisions\/1533"}],"wp:attachment":[{"href":"https:\/\/swimfaster.eu\/index.php?rest_route=%2Fwp%2Fv2%2Fmedia&parent=264"}],"curies":[{"name":"wp","href":"https:\/\/api.w.org\/{rel}","templated":true}]}}